{"id":3905,"date":"2012-07-05T07:29:42","date_gmt":"2012-07-05T07:29:42","guid":{"rendered":"http:\/\/www.weigertimages.com\/en-de\/"},"modified":"2023-08-16T19:13:55","modified_gmt":"2023-08-16T17:13:55","slug":"info","status":"publish","type":"page","link":"https:\/\/www.weigertimages.com\/de\/info\/","title":{"rendered":"Info"},"content":{"rendered":"<div class=\"wpb-content-wrapper\"><p>[vc_row css_animation=&#8220;&#8220; row_type=&#8220;row&#8220; use_row_as_full_screen_section=&#8220;no&#8220; type=&#8220;grid&#8220; anchor=&#8220;portfolio&#8220; angled_section=&#8220;no&#8220; text_align=&#8220;left&#8220; background_image_as_pattern=&#8220;without_pattern&#8220; background_color=&#8220;#ffffff&#8220; padding_top=&#8220;96&#8243; padding_bottom=&#8220;0&#8243;][vc_column][vc_row_inner row_type=&#8220;row&#8220; type=&#8220;full_width&#8220; text_align=&#8220;left&#8220; css_animation=&#8220;&#8220;][vc_column_inner width=&#8220;1\/2&#8243;][vc_single_image image=&#8220;3786&#8243; img_size=&#8220;full&#8220; alignment=&#8220;center&#8220; qode_css_animation=&#8220;element_from_left&#8220; transition_delay=&#8220;0.3&#8243;][vc_separator type=&#8220;transparent&#8220; up=&#8220;69&#8243; down=&#8220;0&#8243;][\/vc_column_inner][vc_column_inner width=&#8220;1\/2&#8243;][vc_column_text]<\/p>\n<h3>INTERNATIONALE HOCHZEITSFOTOGRAFIE<\/h3>\n<p>[\/vc_column_text][vc_separator type=&#8220;transparent&#8220; up=&#8220;1&#8243; down=&#8220;10&#8243;][vc_column_text]Ich biete meine fotografischen Dienstleistungen auf der ganzen Welt, in Europa und in \u00dcbersee an. Ich bin mehr als gl\u00fccklich in jedes Land fahren zu k\u00f6nnen um Ihre Hochzeit zu fotografieren. Ich spreche flie\u00dfend Englisch, da ich Jahre lang in Gro\u00dfbritannien und in Amerika gelebt habe. Sie k\u00f6nnen hier die Hochzeiten ich in \u00d6sterreich fotografierte anschauen: <a href=\"https:\/\/www.weigertimages.com\/de\/foto\/hochzeitsfotograf-wien-osterreich\/\">Hochzeitsfotograf Wien und \u00d6sterreich<\/a>.<br \/>\nUm den genauen Preis zu erfahren <a title=\"Kontakt\" href=\"https:\/\/www.weigertimages.com\/de\/kontakt\/\">senden<\/a> Sie mir bitte die Details von Ihrer Hochzeit zu und ich werde Ihnen so schnell wie m\u00f6glich antworten.[\/vc_column_text][vc_separator type=&#8220;transparent&#8220; up=&#8220;8&#8243; down=&#8220;10&#8243;][vc_column_text]<\/p>\n<h6><a href=\"https:\/\/www.weigertimages.com\/de\/foto\/hochzeitsfotografie\/\">Hochzeitsfotogalerie anschauen &gt;&gt;<\/a><\/h6>\n<p>[\/vc_column_text][vc_separator type=&#8220;transparent&#8220; up=&#8220;8&#8243; down=&#8220;20&#8243;][\/vc_column_inner][\/vc_row_inner][vc_row_inner row_type=&#8220;row&#8220; type=&#8220;full_width&#8220; text_align=&#8220;left&#8220; css_animation=&#8220;&#8220;][vc_column_inner width=&#8220;1\/4&#8243;][\/vc_column_inner][vc_column_inner width=&#8220;1\/4&#8243;][\/vc_column_inner][vc_column_inner width=&#8220;1\/4&#8243;][vc_single_image image=&#8220;3834&#8243; img_size=&#8220;full&#8220; alignment=&#8220;center&#8220; onclick=&#8220;custom_link&#8220; img_link_target=&#8220;_blank&#8220; qode_css_animation=&#8220;&#8220; link=&#8220;https:\/\/www.ispwp.com&#8220;][vc_empty_space height=&#8220;10px&#8220;][\/vc_column_inner][vc_column_inner width=&#8220;1\/4&#8243;][vc_single_image image=&#8220;3832&#8243; img_size=&#8220;full&#8220; alignment=&#8220;center&#8220; onclick=&#8220;custom_link&#8220; img_link_target=&#8220;_blank&#8220; qode_css_animation=&#8220;&#8220; link=&#8220;https:\/\/www.fearlessphotographers.com&#8220;][\/vc_column_inner][\/vc_row_inner][vc_separator type=&#8220;transparent&#8220; up=&#8220;16&#8243; down=&#8220;0&#8243;][vc_row_inner row_type=&#8220;row&#8220; type=&#8220;full_width&#8220; text_align=&#8220;left&#8220; css_animation=&#8220;&#8220;][vc_column_inner width=&#8220;1\/2&#8243;][\/vc_column_inner][vc_column_inner width=&#8220;1\/2&#8243;][vc_column_text]Ich bin Mitglied der ISPWP, einer weltweiten Vereinigung der besten Hochzeitsfotografen und auch der Fearless Photographers.<br \/>\n[\/vc_column_text][\/vc_column_inner][\/vc_row_inner][vc_separator type=&#8220;transparent&#8220; up=&#8220;69&#8243; down=&#8220;0&#8243;][\/vc_column][\/vc_row][vc_row css_animation=&#8220;&#8220; row_type=&#8220;row&#8220; use_row_as_full_screen_section=&#8220;no&#8220; type=&#8220;grid&#8220; anchor=&#8220;portfolio&#8220; angled_section=&#8220;no&#8220; text_align=&#8220;left&#8220; background_image_as_pattern=&#8220;without_pattern&#8220; background_color=&#8220;#f7f7f7&#8243; padding_top=&#8220;70&#8243; padding_bottom=&#8220;0&#8243;][vc_column][vc_row_inner row_type=&#8220;row&#8220; type=&#8220;full_width&#8220; text_align=&#8220;left&#8220; css_animation=&#8220;&#8220;][vc_column_inner width=&#8220;1\/2&#8243;][vc_column_text]<\/p>\n<h3>FINE ART HOCHZEITSALBUM<\/h3>\n<p>[\/vc_column_text][vc_separator type=&#8220;transparent&#8220; up=&#8220;1&#8243; down=&#8220;10&#8243;][vc_column_text]Ich biete Ihnen wundersch\u00f6ne Fine Art Hochzeitsalben an. Die Alben haben eine frontb\u00fcndige Ausf\u00fchrung mit nahtloser Verteilung. Die Seiten sind dick genug, damit sie noch Generationen anschauen k\u00f6nnen, aber fein genug um nicht zu volumin\u00f6s zu wirken.<br \/>\nDie Fotografien wurden in einem professionellen Foto-Laboratorium mit kr\u00e4ftiger Farbe gedruckt. Der Umschlag des Fotoalbums ist den Kundenbed\u00fcrfnissen zugeschnitten, der Ihre besten Hochzeitsfotos und Ihre Wahl an Farben und Materialien enth\u00e4lt.[\/vc_column_text][vc_separator type=&#8220;transparent&#8220; up=&#8220;8&#8243; down=&#8220;10&#8243;][vc_column_text]<\/p>\n<h6><a href=\"https:\/\/www.weigertimages.com\/de\/hochzeitsalbum\/\">Hochzeitsalbums anschauen &gt;&gt;<\/a><\/h6>\n<p>[\/vc_column_text][vc_separator type=&#8220;transparent&#8220; up=&#8220;69&#8243; down=&#8220;0&#8243;][\/vc_column_inner][vc_column_inner width=&#8220;1\/2&#8243;][vc_single_image image=&#8220;3784&#8243; img_size=&#8220;full&#8220; alignment=&#8220;center&#8220; qode_css_animation=&#8220;element_from_right&#8220; transition_delay=&#8220;0.3&#8243;][vc_separator type=&#8220;transparent&#8220; up=&#8220;69&#8243; down=&#8220;0&#8243;][\/vc_column_inner][\/vc_row_inner][\/vc_column][\/vc_row][vc_row css_animation=&#8220;&#8220; row_type=&#8220;row&#8220; use_row_as_full_screen_section=&#8220;no&#8220; type=&#8220;grid&#8220; anchor=&#8220;portfolio&#8220; angled_section=&#8220;no&#8220; text_align=&#8220;left&#8220; background_image_as_pattern=&#8220;without_pattern&#8220; background_color=&#8220;#ffffff&#8220; padding_top=&#8220;70&#8243; padding_bottom=&#8220;0&#8243;][vc_column][vc_row_inner row_type=&#8220;row&#8220; type=&#8220;full_width&#8220; text_align=&#8220;left&#8220; css_animation=&#8220;&#8220;][vc_column_inner width=&#8220;1\/2&#8243;][vc_single_image image=&#8220;3774&#8243; img_size=&#8220;full&#8220; alignment=&#8220;center&#8220; qode_css_animation=&#8220;element_from_left&#8220; transition_delay=&#8220;0.3&#8243;][vc_separator type=&#8220;transparent&#8220; up=&#8220;69&#8243; down=&#8220;0&#8243;][\/vc_column_inner][vc_column_inner width=&#8220;1\/2&#8243;][vc_column_text]<\/p>\n<h3>HOCHZEITSFILM<\/h3>\n<p>[\/vc_column_text][vc_separator type=&#8220;transparent&#8220; up=&#8220;1&#8243; down=&#8220;10&#8243;][vc_column_text]Als Kameramann habe ich zweimal einen Preis gewonnen und ich fertige f\u00fcr Sie nach meinem besten Wissen Filme in hoher Qualit\u00e4t an. Neben den ein oder zwei Highlight Filme mache ich auch einen l\u00e4ngeren (25-30 Minuten langen) Film, der Ihren ganzen Hochzeitstag zeigt. Ich benutze ausschlie\u00dflich DSLR Kameras, die wahre Filmoptik und Filmerlebnisse liefern. Um den genauen Preis zu erfahren <a title=\"Kontakt\" href=\"https:\/\/www.weigertimages.com\/de\/kontakt\/\">senden <\/a>Sie mir bitte die Details von Ihrer Hochzeit zu und ich werde Ihnen so schnell wie m\u00f6glich antworten.[\/vc_column_text][vc_separator type=&#8220;transparent&#8220; up=&#8220;8&#8243; down=&#8220;10&#8243;][vc_column_text]<\/p>\n<h6><a href=\"https:\/\/www.weigertimages.com\/de\/portfolio-category\/hochzeitsfilm\/\">Hochzeitsfilme anschauen &gt;&gt;<\/a><\/h6>\n<p>[\/vc_column_text][vc_separator type=&#8220;transparent&#8220; up=&#8220;69&#8243; down=&#8220;0&#8243;][\/vc_column_inner][\/vc_row_inner][\/vc_column][\/vc_row][vc_row css_animation=&#8220;&#8220; row_type=&#8220;row&#8220; use_row_as_full_screen_section=&#8220;no&#8220; type=&#8220;grid&#8220; anchor=&#8220;portfolio&#8220; angled_section=&#8220;no&#8220; text_align=&#8220;left&#8220; background_image_as_pattern=&#8220;without_pattern&#8220; background_color=&#8220;#f7f7f7&#8243; padding_top=&#8220;70&#8243; padding_bottom=&#8220;0&#8243;][vc_column][vc_row_inner row_type=&#8220;row&#8220; type=&#8220;full_width&#8220; text_align=&#8220;left&#8220; css_animation=&#8220;&#8220;][vc_column_inner width=&#8220;1\/2&#8243;][vc_column_text]<\/p>\n<h3>PAARSHOOTING, ENGAGEMENT FOTOGRAFIE<\/h3>\n<p>[\/vc_column_text][vc_separator type=&#8220;transparent&#8220; up=&#8220;1&#8243; down=&#8220;10&#8243;][vc_column_text]Die Verlobungssession h\u00e4lt die Beziehung fest, die einzigartig f\u00fcr jedes Paar ist. Das ist auch ein besonderer Tag f\u00fcr Ihren Fotografen, der versucht Sie beide so gut wie m\u00f6glich kennen zu lernen, so dass Sie ihm ruhig trauen k\u00f6nnen. Der Vorteil, dass ich ein vor Ort-Fotograf bin, ist, dass die ganze Welt mein Studio ist mit unendlichen M\u00f6glichkeiten. Ich ermutige die Hochzeitspaare mir die Pl\u00e4tze zu zeigen, die eine besondere Bedeutung f\u00fcr Sie haben. Wenn wir einmal da sind, dauert es nicht lange, bis Gef\u00fchle erwecken und mein Job ist, diese Freude in diesen Momenten festzuhalten. Da ich in Ungarn sesshaft bin, kann ich Ihre Engagement Fotografie w\u00e4hrend Ihrer Reise in Ungarn machen, aber ich kann auch dorthin reisen, wohin sie m\u00f6chten, egal wo es in der Welt ist.[\/vc_column_text][vc_separator type=&#8220;transparent&#8220; up=&#8220;8&#8243; down=&#8220;10&#8243;][vc_column_text]<\/p>\n<h6><a href=\"https:\/\/www.weigertimages.com\/de\/foto\/engagement-fotografie\/\">Engagement Shooting Galerie anschauen &gt;&gt;<\/a><\/h6>\n<p>[\/vc_column_text][vc_separator type=&#8220;transparent&#8220; up=&#8220;69&#8243; down=&#8220;0&#8243;][\/vc_column_inner][vc_column_inner width=&#8220;1\/2&#8243;][vc_single_image image=&#8220;3782&#8243; img_size=&#8220;full&#8220; alignment=&#8220;center&#8220; qode_css_animation=&#8220;element_from_right&#8220; transition_delay=&#8220;0.3&#8243;][vc_separator type=&#8220;transparent&#8220; up=&#8220;69&#8243; down=&#8220;0&#8243;][\/vc_column_inner][\/vc_row_inner][\/vc_column][\/vc_row][vc_row css_animation=&#8220;&#8220; row_type=&#8220;row&#8220; use_row_as_full_screen_section=&#8220;no&#8220; type=&#8220;grid&#8220; anchor=&#8220;portfolio&#8220; angled_section=&#8220;no&#8220; text_align=&#8220;left&#8220; background_image_as_pattern=&#8220;without_pattern&#8220; background_color=&#8220;#ffffff&#8220; padding_top=&#8220;70&#8243; padding_bottom=&#8220;0&#8243;][vc_column][vc_row_inner row_type=&#8220;row&#8220; type=&#8220;full_width&#8220; text_align=&#8220;left&#8220; css_animation=&#8220;&#8220;][vc_column_inner width=&#8220;1\/2&#8243;][vc_single_image image=&#8220;3780&#8243; img_size=&#8220;full&#8220; alignment=&#8220;center&#8220; qode_css_animation=&#8220;element_from_left&#8220; transition_delay=&#8220;0.3&#8243;][vc_separator type=&#8220;transparent&#8220; up=&#8220;69&#8243; down=&#8220;0&#8243;][\/vc_column_inner][vc_column_inner width=&#8220;1\/2&#8243;][vc_column_text]<\/p>\n<h3>FAMILIE UND LIFESTYLE FOTOGRAFIE<\/h3>\n<p>[\/vc_column_text][vc_separator type=&#8220;transparent&#8220; up=&#8220;1&#8243; down=&#8220;10&#8243;][vc_column_text]Ich biete Ihnen meine Dienstleistungen in beiden Gattungen an. Eine Familienfotografie kann manchmal auch eine Lifestyle-Fotografie sein. Ich mag es die Familie in den T\u00e4tigkeiten zu fotografieren, die sie gerne tut.[\/vc_column_text][vc_separator type=&#8220;transparent&#8220; up=&#8220;8&#8243; down=&#8220;10&#8243;][\/vc_column_inner][\/vc_row_inner][\/vc_column][\/vc_row][vc_row css_animation=&#8220;&#8220; row_type=&#8220;row&#8220; use_row_as_full_screen_section=&#8220;no&#8220; type=&#8220;grid&#8220; anchor=&#8220;portfolio&#8220; angled_section=&#8220;no&#8220; text_align=&#8220;left&#8220; background_image_as_pattern=&#8220;without_pattern&#8220; background_color=&#8220;#f7f7f7&#8243; padding_top=&#8220;70&#8243; padding_bottom=&#8220;0&#8243;][vc_column][vc_row_inner row_type=&#8220;row&#8220; type=&#8220;full_width&#8220; text_align=&#8220;left&#8220; css_animation=&#8220;&#8220;][vc_column_inner width=&#8220;1\/2&#8243;][vc_column_text]<\/p>\n<h3>PORTRAIT UND MODE FOTOGRAFIE<\/h3>\n<p>[\/vc_column_text][vc_separator type=&#8220;transparent&#8220; up=&#8220;1&#8243; down=&#8220;10&#8243;][vc_column_text]Neben Hochzeitsfotografie ist meine neue Liebe Portrait und Modefotografie, da es viele \u00c4hnlichkeiten zwischen den beiden Genres gibt. Die Fotoshootings finden an den verschiedensten Orten statt. Wenn Sie gerne mit mir arbeiten m\u00f6chten, schicken Sie mir bitte eine <a title=\"Kontakt\" href=\"https:\/\/www.weigertimages.com\/de\/kontakt\/\">E-Mail<\/a>.[\/vc_column_text][vc_separator type=&#8220;transparent&#8220; up=&#8220;8&#8243; down=&#8220;10&#8243;][vc_column_text]<\/p>\n<h6><a href=\"https:\/\/www.weigertimages.com\/de\/foto\/portrait-mode-fotografie\/\">Portrait und Mode Fotogalerie anschauen &gt;&gt;<\/a><\/h6>\n<p>[\/vc_column_text][vc_separator type=&#8220;transparent&#8220; up=&#8220;69&#8243; down=&#8220;0&#8243;][\/vc_column_inner][vc_column_inner width=&#8220;1\/2&#8243;][vc_single_image image=&#8220;3778&#8243; img_size=&#8220;full&#8220; alignment=&#8220;center&#8220; qode_css_animation=&#8220;element_from_right&#8220; transition_delay=&#8220;0.3&#8243;][vc_separator type=&#8220;transparent&#8220; up=&#8220;69&#8243; down=&#8220;0&#8243;][\/vc_column_inner][\/vc_row_inner][\/vc_column][\/vc_row][vc_row css_animation=&#8220;&#8220; row_type=&#8220;row&#8220; use_row_as_full_screen_section=&#8220;no&#8220; type=&#8220;grid&#8220; anchor=&#8220;portfolio&#8220; angled_section=&#8220;no&#8220; text_align=&#8220;left&#8220; background_image_as_pattern=&#8220;without_pattern&#8220; background_color=&#8220;#ffffff&#8220; padding_top=&#8220;70&#8243; padding_bottom=&#8220;0&#8243;][vc_column][vc_row_inner row_type=&#8220;row&#8220; type=&#8220;full_width&#8220; text_align=&#8220;left&#8220; css_animation=&#8220;&#8220;][vc_column_inner width=&#8220;1\/2&#8243;][vc_single_image image=&#8220;3776&#8243; img_size=&#8220;full&#8220; alignment=&#8220;center&#8220; qode_css_animation=&#8220;element_from_left&#8220; transition_delay=&#8220;0.3&#8243;][vc_separator type=&#8220;transparent&#8220; up=&#8220;69&#8243; down=&#8220;0&#8243;][\/vc_column_inner][vc_column_inner width=&#8220;1\/2&#8243;][vc_column_text]<\/p>\n<h3>EVENTFOTOGRAFIE<\/h3>\n<p>[\/vc_column_text][vc_separator type=&#8220;transparent&#8220; up=&#8220;1&#8243; down=&#8220;10&#8243;][vc_column_text]Ich fotografiere auf Veranstaltungen seit 8 Jahren und ich liebe es noch immer ein Fotojournalist zu sein, der ohne eine Veranstaltung zu st\u00f6ren seine Arbeit verrichtet. Ich fotografiere auf \u00f6rtlichen Veranstaltungen, Konzerten und Sportereignissen.[\/vc_column_text][vc_separator type=&#8220;transparent&#8220; up=&#8220;8&#8243; down=&#8220;10&#8243;][vc_column_text]<\/p>\n<h6><a href=\"https:\/\/www.weigertimages.com\/de\/foto\/eventfotografie\/\">Event Fotogalerie anschauen &gt;&gt;<\/a><\/h6>\n<p>[\/vc_column_text][vc_separator type=&#8220;transparent&#8220; up=&#8220;69&#8243; down=&#8220;0&#8243;][\/vc_column_inner][\/vc_row_inner][\/vc_column][\/vc_row][vc_row css_animation=&#8220;&#8220; row_type=&#8220;row&#8220; use_row_as_full_screen_section=&#8220;no&#8220; type=&#8220;full_width&#8220; angled_section=&#8220;no&#8220; text_align=&#8220;left&#8220; background_image_as_pattern=&#8220;without_pattern&#8220;][vc_column][vc_empty_space height=&#8220;50px&#8220;][\/vc_column][\/vc_row]<\/p>\n<\/div>","protected":false},"excerpt":{"rendered":"<p>[vc_row css_animation=&#8220;&#8220; row_type=&#8220;row&#8220; use_row_as_full_screen_section=&#8220;no&#8220; type=&#8220;grid&#8220; anchor=&#8220;portfolio&#8220; angled_section=&#8220;no&#8220; text_align=&#8220;left&#8220; background_image_as_pattern=&#8220;without_pattern&#8220; background_color=&#8220;#ffffff&#8220; padding_top=&#8220;96&#8243; padding_bottom=&#8220;0&#8243;][vc_column][vc_row_inner row_type=&#8220;row&#8220; type=&#8220;full_width&#8220; text_align=&#8220;left&#8220; css_animation=&#8220;&#8220;][vc_column_inner width=&#8220;1\/2&#8243;][vc_single_image image=&#8220;3786&#8243; img_size=&#8220;full&#8220; alignment=&#8220;center&#8220; qode_css_animation=&#8220;element_from_left&#8220; transition_delay=&#8220;0.3&#8243;][vc_separator type=&#8220;transparent&#8220; up=&#8220;69&#8243; down=&#8220;0&#8243;][\/vc_column_inner][vc_column_inner width=&#8220;1\/2&#8243;][vc_column_text] INTERNATIONALE HOCHZEITSFOTOGRAFIE [\/vc_column_text][vc_separator type=&#8220;transparent&#8220; up=&#8220;1&#8243; down=&#8220;10&#8243;][vc_column_text]Ich biete meine fotografischen Dienstleistungen auf der ganzen Welt, in Europa und in \u00dcbersee&#8230;<\/p>\n","protected":false},"author":1,"featured_media":0,"parent":0,"menu_order":0,"comment_status":"closed","ping_status":"open","template":"","meta":{"_seopress_robots_primary_cat":"","_seopress_titles_title":"Info - Die Dienstleistungen von Weigert Images","_seopress_titles_desc":"Info - Die Foto und Film Dienstleistungen von Weigert Images. Wir bieten internationale Hochzeitsfotografie und Hochzeitsfilme in \u00d6sterreich, Ungarn, Deutschland und weltweit an.","_seopress_robots_index":"","ngg_post_thumbnail":0,"footnotes":""},"class_list":["post-3905","page","type-page","status-publish","hentry"],"_links":{"self":[{"href":"https:\/\/www.weigertimages.com\/de\/wp-json\/wp\/v2\/pages\/3905","targetHints":{"allow":["GET"]}}],"collection":[{"href":"https:\/\/www.weigertimages.com\/de\/wp-json\/wp\/v2\/pages"}],"about":[{"href":"https:\/\/www.weigertimages.com\/de\/wp-json\/wp\/v2\/types\/page"}],"author":[{"embeddable":true,"href":"https:\/\/www.weigertimages.com\/de\/wp-json\/wp\/v2\/users\/1"}],"replies":[{"embeddable":true,"href":"https:\/\/www.weigertimages.com\/de\/wp-json\/wp\/v2\/comments?post=3905"}],"version-history":[{"count":0,"href":"https:\/\/www.weigertimages.com\/de\/wp-json\/wp\/v2\/pages\/3905\/revisions"}],"wp:attachment":[{"href":"https:\/\/www.weigertimages.com\/de\/wp-json\/wp\/v2\/media?parent=3905"}],"curies":[{"name":"wp","href":"https:\/\/api.w.org\/{rel}","templated":true}]}}