{"id":3903,"date":"2012-07-04T15:11:49","date_gmt":"2012-07-04T15:11:49","guid":{"rendered":"http:\/\/www.weigertimages.com\/weigert-images-eskuvoi-fotos\/"},"modified":"2023-08-16T18:54:09","modified_gmt":"2023-08-16T16:54:09","slug":"weigert-images-eskuvoi-fotos","status":"publish","type":"page","link":"https:\/\/www.weigertimages.com\/hu\/","title":{"rendered":"Kezd\u0151lap"},"content":{"rendered":"<div class=\"wpb-content-wrapper\"><p>[vc_row css_animation=&#8221;&#8221; row_type=&#8221;row&#8221; use_row_as_full_screen_section=&#8221;no&#8221; type=&#8221;full_width&#8221; angled_section=&#8221;no&#8221; text_align=&#8221;left&#8221; background_image_as_pattern=&#8221;without_pattern&#8221;][vc_column][vc_empty_space height=&#8221;50px&#8221;][\/vc_column][\/vc_row][vc_row css_animation=&#8221;&#8221; row_type=&#8221;row&#8221; use_row_as_full_screen_section=&#8221;no&#8221; type=&#8221;grid&#8221; angled_section=&#8221;no&#8221; text_align=&#8221;left&#8221; background_image_as_pattern=&#8221;without_pattern&#8221;][vc_column width=&#8221;1\/3&#8243;][vc_single_image image=&#8221;5196&#8243; img_size=&#8221;full&#8221; alignment=&#8221;center&#8221; onclick=&#8221;custom_link&#8221; qode_css_animation=&#8221;&#8221; link=&#8221;https:\/\/www.weigertimages.com\/hu\/foto\/eskuvoi-fotozas\/&#8221;][vc_row_inner row_type=&#8221;row&#8221; type=&#8221;full_width&#8221; text_align=&#8221;left&#8221; css_animation=&#8221;&#8221;][vc_column_inner][vc_empty_space][vc_column_text]<\/p>\n<h3 style=\"text-align: center;\">Esk\u00fcv\u0151i fot\u00f3z\u00e1s<\/h3>\n<p>[\/vc_column_text][\/vc_column_inner][\/vc_row_inner][vc_empty_space][vc_column_text]<\/p>\n<p style=\"text-align: center;\">Magas sz\u00ednvonal\u00fa esk\u00fcv\u0151i fot\u00f3z\u00e1s az orsz\u00e1g eg\u00e9sz ter\u00fclet\u00e9n \u00e9s k\u00fclf\u00f6ld\u00f6n. A nagy nap meg\u00f6r\u00f6k\u00edt\u00e9se az el\u0151k\u00e9sz\u00fcletekt\u0151l a hajnali \u00f3r\u00e1kig.<\/p>\n<p>[\/vc_column_text][vc_empty_space height=&#8221;12px&#8221;][vc_column_text]<\/p>\n<h6 style=\"text-align: center;\"><a href=\"https:\/\/www.weigertimages.com\/hu\/foto\/eskuvoi-fotozas\/\">Esk\u00fcv\u0151i gal\u00e9ria megtekint\u00e9se &gt;&gt;<\/a><\/h6>\n<p>[\/vc_column_text][vc_empty_space][\/vc_column][vc_column width=&#8221;1\/3&#8243;][vc_single_image image=&#8221;3769&#8243; img_size=&#8221;full&#8221; alignment=&#8221;center&#8221; onclick=&#8221;custom_link&#8221; qode_css_animation=&#8221;&#8221; link=&#8221;https:\/\/www.weigertimages.com\/hu\/foto\/e-session-fotozas\/&#8221;][vc_row_inner row_type=&#8221;row&#8221; type=&#8221;full_width&#8221; text_align=&#8221;left&#8221; css_animation=&#8221;&#8221;][vc_column_inner][vc_empty_space][vc_column_text]<\/p>\n<h3 style=\"text-align: center;\">Jegyesp\u00e1r fot\u00f3z\u00e1s<\/h3>\n<p>[\/vc_column_text][\/vc_column_inner][\/vc_row_inner][vc_empty_space][vc_column_text]<\/p>\n<p style=\"text-align: center;\">Jegyesfot\u00f3z\u00e1s esk\u00fcv\u0151 el\u0151tt \u00e1ll\u00f3 p\u00e1roknak &#8211; az utols\u00f3 lehet\u0151s\u00e9g k\u00f6z\u00f6s professzion\u00e1lis k\u00e9pek k\u00e9sz\u00edt\u00e9s\u00e9re a menyegz\u0151 el\u0151tt.<\/p>\n<p>[\/vc_column_text][vc_empty_space height=&#8221;12px&#8221;][vc_column_text]<\/p>\n<h6 style=\"text-align: center;\"><a href=\"https:\/\/www.weigertimages.com\/hu\/foto\/e-session-fotozas\/\">Jegyesp\u00e1r gal\u00e9ria megtekint\u00e9se &gt;&gt;<\/a><\/h6>\n<p>[\/vc_column_text][vc_empty_space][\/vc_column][vc_column width=&#8221;1\/3&#8243;][vc_single_image image=&#8221;3771&#8243; img_size=&#8221;full&#8221; alignment=&#8221;center&#8221; onclick=&#8221;custom_link&#8221; qode_css_animation=&#8221;&#8221; link=&#8221;https:\/\/www.weigertimages.com\/hu\/foto\/portre-divat-fotozas\/&#8221;][vc_row_inner row_type=&#8221;row&#8221; type=&#8221;full_width&#8221; text_align=&#8221;left&#8221; css_animation=&#8221;&#8221;][vc_column_inner][vc_empty_space][vc_column_text]<\/p>\n<h3 style=\"text-align: center;\">Portr\u00e9fot\u00f3z\u00e1s<\/h3>\n<p>[\/vc_column_text][\/vc_column_inner][\/vc_row_inner][vc_empty_space][vc_column_text]<\/p>\n<p style=\"text-align: center;\">Portr\u00e9fot\u00f3k k\u00e9sz\u00edt\u00e9se eleganci\u00e1val \u00e9s \u00edzl\u00e9ssel. St\u00edlusos fot\u00f3z\u00e1s napf\u00e9nyben \u00e9s st\u00fadi\u00f3f\u00e9nyekkel, term\u00e9szetes k\u00f6rnyezetben.<\/p>\n<p>[\/vc_column_text][vc_empty_space height=&#8221;12px&#8221;][vc_column_text]<\/p>\n<h6 style=\"text-align: center;\"><a href=\"https:\/\/www.weigertimages.com\/hu\/foto\/portre-divat-fotozas\/\">Portr\u00e9 gal\u00e9ria megtekint\u00e9se &gt;&gt;<\/a><\/h6>\n<p>[\/vc_column_text][vc_empty_space][\/vc_column][\/vc_row][vc_row css_animation=&#8221;&#8221; row_type=&#8221;row&#8221; use_row_as_full_screen_section=&#8221;no&#8221; type=&#8221;full_width&#8221; angled_section=&#8221;no&#8221; text_align=&#8221;left&#8221; background_image_as_pattern=&#8221;without_pattern&#8221;][vc_column][vc_empty_space height=&#8221;50px&#8221;][vc_column_text]<\/p>\n<p style=\"text-align: center;\">V\u00e1llalkoz\u00e1sok sz\u00e1m\u00e1ra is k\u00edn\u00e1lunk fot\u00f3s \u00e9s filmes szolg\u00e1ltat\u00e1st, k\u00e9rj\u00fck l\u00e1togassa meg c\u00e9ges weboldalunkat: <a href=\"https:\/\/infinityarchmedia.com\/hu\/\" target=\"_blank\" rel=\"noopener noreferrer\">Infinity ArchMedia<\/a>.<\/p>\n<p>[\/vc_column_text][vc_empty_space height=&#8221;100px&#8221;][\/vc_column][\/vc_row]<br \/>\n[vc_row css_animation=&#8221;&#8221; row_type=&#8221;row&#8221; use_row_as_full_screen_section=&#8221;no&#8221; type=&#8221;full_width&#8221; angled_section=&#8221;no&#8221; text_align=&#8221;left&#8221; background_image_as_pattern=&#8221;without_pattern&#8221;][vc_column][vc_column_text]<\/p>\n<p style=\"text-align: center;\"><a href=\"https:\/\/www.weigertimages.com\/hu\/adatkezelesi-tajekoztato\/\">Adatkezel\u00e9si T\u00e1j\u00e9koztat\u00f3<\/a><\/p>\n<p>[\/vc_column_text][\/vc_column][\/vc_row][vc_row css_animation=&#8221;&#8221; row_type=&#8221;row&#8221; use_row_as_full_screen_section=&#8221;no&#8221; type=&#8221;full_width&#8221; angled_section=&#8221;no&#8221; text_align=&#8221;left&#8221; background_image_as_pattern=&#8221;without_pattern&#8221;][vc_column][vc_empty_space height=&#8221;50px&#8221;][\/vc_column][\/vc_row]<\/p>\n<\/div>","protected":false},"excerpt":{"rendered":"<p>[vc_row css_animation=&#8221;&#8221; row_type=&#8221;row&#8221; use_row_as_full_screen_section=&#8221;no&#8221; type=&#8221;full_width&#8221; angled_section=&#8221;no&#8221; text_align=&#8221;left&#8221; background_image_as_pattern=&#8221;without_pattern&#8221;][vc_column][vc_empty_space height=&#8221;50px&#8221;][\/vc_column][\/vc_row][vc_row css_animation=&#8221;&#8221; row_type=&#8221;row&#8221; use_row_as_full_screen_section=&#8221;no&#8221; type=&#8221;grid&#8221; angled_section=&#8221;no&#8221; text_align=&#8221;left&#8221; background_image_as_pattern=&#8221;without_pattern&#8221;][vc_column width=&#8221;1\/3&#8243;][vc_single_image image=&#8221;5196&#8243; img_size=&#8221;full&#8221; alignment=&#8221;center&#8221; onclick=&#8221;custom_link&#8221; qode_css_animation=&#8221;&#8221; link=&#8221;https:\/\/www.weigertimages.com\/hu\/foto\/eskuvoi-fotozas\/&#8221;][vc_row_inner row_type=&#8221;row&#8221; type=&#8221;full_width&#8221; text_align=&#8221;left&#8221; css_animation=&#8221;&#8221;][vc_column_inner][vc_empty_space][vc_column_text] Esk\u00fcv\u0151i fot\u00f3z\u00e1s [\/vc_column_text][\/vc_column_inner][\/vc_row_inner][vc_empty_space][vc_column_text] Magas sz\u00ednvonal\u00fa esk\u00fcv\u0151i fot\u00f3z\u00e1s az orsz\u00e1g eg\u00e9sz ter\u00fclet\u00e9n \u00e9s k\u00fclf\u00f6ld\u00f6n. A nagy nap meg\u00f6r\u00f6k\u00edt\u00e9se az&#8230;<\/p>\n","protected":false},"author":1,"featured_media":0,"parent":0,"menu_order":0,"comment_status":"closed","ping_status":"open","template":"full_width.php","meta":{"_seopress_robots_primary_cat":"","_seopress_titles_title":"Weigert Images - Orsz\u00e1gos Esk\u00fcv\u0151i Fot\u00f3z\u00e1s, Jegyesfot\u00f3z\u00e1s","_seopress_titles_desc":"A Weigert Images esk\u00fcv\u0151i fot\u00f3z\u00e1st k\u00edn\u00e1l Magyarorsz\u00e1gon \u00e9s k\u00fclf\u00f6ld\u00f6n. Jegyes fot\u00f3z\u00e1s, rendezv\u00e9nyfot\u00f3z\u00e1s \u00e9s filmk\u00e9sz\u00edt\u00e9s.","_seopress_robots_index":"","_seopress_analysis_target_kw":"","ngg_post_thumbnail":0,"footnotes":""},"class_list":["post-3903","page","type-page","status-publish","hentry"],"_links":{"self":[{"href":"https:\/\/www.weigertimages.com\/hu\/wp-json\/wp\/v2\/pages\/3903","targetHints":{"allow":["GET"]}}],"collection":[{"href":"https:\/\/www.weigertimages.com\/hu\/wp-json\/wp\/v2\/pages"}],"about":[{"href":"https:\/\/www.weigertimages.com\/hu\/wp-json\/wp\/v2\/types\/page"}],"author":[{"embeddable":true,"href":"https:\/\/www.weigertimages.com\/hu\/wp-json\/wp\/v2\/users\/1"}],"replies":[{"embeddable":true,"href":"https:\/\/www.weigertimages.com\/hu\/wp-json\/wp\/v2\/comments?post=3903"}],"version-history":[{"count":0,"href":"https:\/\/www.weigertimages.com\/hu\/wp-json\/wp\/v2\/pages\/3903\/revisions"}],"wp:attachment":[{"href":"https:\/\/www.weigertimages.com\/hu\/wp-json\/wp\/v2\/media?parent=3903"}],"curies":[{"name":"wp","href":"https:\/\/api.w.org\/{rel}","templated":true}]}}