{"id":6515,"date":"2023-09-26T16:17:51","date_gmt":"2023-09-26T14:17:51","guid":{"rendered":"https:\/\/www.weigertimages.com\/?page_id=6515"},"modified":"2023-11-07T23:45:15","modified_gmt":"2023-11-07T22:45:15","slug":"eskuvoi-fotos-bekescsaba","status":"publish","type":"page","link":"https:\/\/www.weigertimages.com\/hu\/foto\/eskuvoi-fotos-bekescsaba\/","title":{"rendered":"Esk\u00fcv\u0151i Fot\u00f3z\u00e1s B\u00e9k\u00e9scsaba"},"content":{"rendered":"\n<p>Rendszeresen fot\u00f3zok esk\u00fcv\u0151ket B\u00e9k\u00e9s megye eg\u00e9sz ter\u00fclet\u00e9n, ill.  B\u00e9k\u00e9scsab\u00e1n is. <\/p>\n\n\n\n<div style=\"height:16px\" aria-hidden=\"true\" class=\"wp-block-spacer\"><\/div>\n\n\n\n<figure data-wp-context=\"{&quot;imageId&quot;:&quot;69fea834b938c&quot;}\" data-wp-interactive=\"core\/image\" data-wp-key=\"69fea834b938c\" class=\"wp-block-image size-full wp-lightbox-container\"><img loading=\"lazy\" decoding=\"async\" width=\"1200\" height=\"800\" data-wp-class--hide=\"state.isContentHidden\" data-wp-class--show=\"state.isContentVisible\" data-wp-init=\"callbacks.setButtonStyles\" data-wp-on--click=\"actions.showLightbox\" data-wp-on--load=\"callbacks.setButtonStyles\" data-wp-on-window--resize=\"callbacks.setButtonStyles\" src=\"https:\/\/www.weigertimages.com\/wp-content\/uploads\/2023\/09\/eskuvoi-fotozas-bekescsaba-01.jpg\" alt=\"Esk\u00fcv\u0151i fot\u00f3z\u00e1s B\u00e9k\u00e9scsaba, az Arcanum Hotel vir\u00e1gos udvara\" class=\"wp-image-6602\" srcset=\"https:\/\/www.weigertimages.com\/wp-content\/uploads\/2023\/09\/eskuvoi-fotozas-bekescsaba-01.jpg 1200w, https:\/\/www.weigertimages.com\/wp-content\/uploads\/2023\/09\/eskuvoi-fotozas-bekescsaba-01-300x200.jpg 300w, https:\/\/www.weigertimages.com\/wp-content\/uploads\/2023\/09\/eskuvoi-fotozas-bekescsaba-01-1024x683.jpg 1024w, https:\/\/www.weigertimages.com\/wp-content\/uploads\/2023\/09\/eskuvoi-fotozas-bekescsaba-01-768x512.jpg 768w, https:\/\/www.weigertimages.com\/wp-content\/uploads\/2023\/09\/eskuvoi-fotozas-bekescsaba-01-700x467.jpg 700w\" sizes=\"auto, (max-width: 1200px) 100vw, 1200px\" \/><button\n\t\t\tclass=\"lightbox-trigger\"\n\t\t\ttype=\"button\"\n\t\t\taria-haspopup=\"dialog\"\n\t\t\taria-label=\"Nagy\u00edt\u00e1s\"\n\t\t\tdata-wp-init=\"callbacks.initTriggerButton\"\n\t\t\tdata-wp-on--click=\"actions.showLightbox\"\n\t\t\tdata-wp-style--right=\"state.imageButtonRight\"\n\t\t\tdata-wp-style--top=\"state.imageButtonTop\"\n\t\t>\n\t\t\t<svg xmlns=\"http:\/\/www.w3.org\/2000\/svg\" width=\"12\" height=\"12\" fill=\"none\" viewBox=\"0 0 12 12\">\n\t\t\t\t<path fill=\"#fff\" d=\"M2 0a2 2 0 0 0-2 2v2h1.5V2a.5.5 0 0 1 .5-.5h2V0H2Zm2 10.5H2a.5.5 0 0 1-.5-.5V8H0v2a2 2 0 0 0 2 2h2v-1.5ZM8 12v-1.5h2a.5.5 0 0 0 .5-.5V8H12v2a2 2 0 0 1-2 2H8Zm2-12a2 2 0 0 1 2 2v2h-1.5V2a.5.5 0 0 0-.5-.5H8V0h2Z\" \/>\n\t\t\t<\/svg>\n\t\t<\/button><figcaption class=\"wp-element-caption\">Esk\u00fcv\u0151i fot\u00f3z\u00e1s B\u00e9k\u00e9scsab\u00e1n, az Arcanum Hotel vir\u00e1gos udvar\u00e1n<\/figcaption><\/figure>\n\n\n\n<div style=\"height:16px\" aria-hidden=\"true\" class=\"wp-block-spacer\"><\/div>\n\n\n\n<p>N\u00e9h\u00e1ny helysz\u00ednt eml\u00edten\u00e9k, ahol m\u00e1r dolgoztam:<\/p>\n\n\n\n<div style=\"height:16px\" aria-hidden=\"true\" class=\"wp-block-spacer\"><\/div>\n\n\n\n<ul class=\"wp-block-list\">\n<li>Fiume Hotel \u00e9s \u00c9tterem: patin\u00e1s \u00e9p\u00fclet, els\u0151 oszt\u00e1ly\u00fa \u00e9telekkel.<\/li>\n\n\n\n<li>Csabagy\u00f6ngye Kultur\u00e1lis K\u00f6zpont: kiv\u00e1l\u00f3an alkalmas k\u00fclt\u00e9ri esk\u00fcv\u0151kre is.<\/li>\n\n\n\n<li>Munk\u00e1csy Hotel \u00e9s Munk\u00e1csy \u00c9tterem &amp; B\u00e1r: exkluz\u00edv k\u00f6rnyezet jellemzi.<\/li>\n\n\n\n<li>Csabai Rendezv\u00e9nypajta: vintage hangulat\u00fa, nagy l\u00e9tsz\u00e1m\u00fa rendezv\u00e9nyekhez ide\u00e1lis.<\/li>\n\n\n\n<li>P\u00e1linkam\u00fazeum: nagy n\u00e1szn\u00e9p befogad\u00e1s\u00e1ra alkalmas rendezv\u00e9nyhelysz\u00edn.<\/li>\n\n\n\n<li>Panor\u00e1ma \u00c9tterem-Hotel: nagy l\u00e9tsz\u00e1m\u00fa esk\u00fcv\u0151k befogad\u00e1sra alkalmas helysz\u00edn.<\/li>\n\n\n\n<li>Fenyves Hotel: hatalmas feny\u0151k \u00e1rny\u00e9k\u00e1ban elhelyezked\u0151 hangulatos helysz\u00edn.<\/li>\n\n\n\n<li>Korn\u00e9lia \u00c9tterem \u00e9s Korn\u00e9lia Bisztr\u00f3: kisebb vend\u00e9gsz\u00e1mhoz ide\u00e1lis.<\/li>\n\n\n\n<li>Arcanum Hotel: rendk\u00edv\u00fcl sz\u00e9p vir\u00e1gos udvara van, exkluz\u00edv helysz\u00edn.<\/li>\n\n\n\n<li>Sz\u00e9ch\u00e9nyi-Wenckheim kast\u00e9lyrom (P\u00f3stelek): ingyenes fot\u00f3z\u00e1si lehet\u0151s\u00e9get ny\u00fajt gy\u00f6ny\u00f6r\u0171 k\u00f6rnyezetben.<\/li>\n\n\n\n<li>Wenckheim-kast\u00e9ly (Szabadk\u00edgy\u00f3s) &#8211; impoz\u00e1ns helysz\u00edn kreat\u00edv esk\u00fcv\u0151i fot\u00f3z\u00e1shoz, szertart\u00e1sok \u00e9s \u00fajabban kisebb lakodalmak bonyol\u00edt\u00e1s\u00e1hoz egyar\u00e1nt.<\/li>\n\n\n\n<li>M\u00f3kus Cs\u00e1rda: k\u00f6zkedvelt esk\u00fcv\u0151i helysz\u00edn, s\u00e1torral b\u0151v\u00edtve.<\/li>\n\n\n\n<li>Sz\u00e9chenyi liget \u00e9s J\u00f3kai Sz\u00ednh\u00e1z: kreat\u00edv fot\u00f3z\u00e1sokra aj\u00e1nlott helysz\u00ednek.<\/li>\n<\/ul>\n\n\n\n<div style=\"height:16px\" aria-hidden=\"true\" class=\"wp-block-spacer\"><\/div>\n\n\n\n<p>B\u00e9k\u00e9s megyei, ill. b\u00e9k\u00e9scsabai esk\u00fcv\u0151i fot\u00f3imat (is) a nagy <a href=\"https:\/\/www.weigertimages.com\/hu\/foto\/eskuvoi-fotozas\/\">esk\u00fcv\u0151i k\u00e9pgal\u00e9ri\u00e1ban <\/a>tudod megtekinteni. <\/p>\n\n\n\n<div style=\"height:16px\" aria-hidden=\"true\" class=\"wp-block-spacer\"><\/div>\n\n\n\n<figure data-wp-context=\"{&quot;imageId&quot;:&quot;69fea834bb11b&quot;}\" data-wp-interactive=\"core\/image\" data-wp-key=\"69fea834bb11b\" class=\"wp-block-image size-full wp-lightbox-container\"><img loading=\"lazy\" decoding=\"async\" width=\"1200\" height=\"800\" data-wp-class--hide=\"state.isContentHidden\" data-wp-class--show=\"state.isContentVisible\" data-wp-init=\"callbacks.setButtonStyles\" data-wp-on--click=\"actions.showLightbox\" data-wp-on--load=\"callbacks.setButtonStyles\" data-wp-on-window--resize=\"callbacks.setButtonStyles\" src=\"https:\/\/www.weigertimages.com\/wp-content\/uploads\/2023\/09\/eskuvoi-fotozas-bekescsaba-02.jpg\" alt=\"Esk\u00fcv\u0151i fot\u00f3z\u00e1s Szabadk\u00edgy\u00f3s, Wenckheim-kast\u00e9ly\" class=\"wp-image-6599\" srcset=\"https:\/\/www.weigertimages.com\/wp-content\/uploads\/2023\/09\/eskuvoi-fotozas-bekescsaba-02.jpg 1200w, https:\/\/www.weigertimages.com\/wp-content\/uploads\/2023\/09\/eskuvoi-fotozas-bekescsaba-02-300x200.jpg 300w, https:\/\/www.weigertimages.com\/wp-content\/uploads\/2023\/09\/eskuvoi-fotozas-bekescsaba-02-1024x683.jpg 1024w, https:\/\/www.weigertimages.com\/wp-content\/uploads\/2023\/09\/eskuvoi-fotozas-bekescsaba-02-768x512.jpg 768w, https:\/\/www.weigertimages.com\/wp-content\/uploads\/2023\/09\/eskuvoi-fotozas-bekescsaba-02-700x467.jpg 700w\" sizes=\"auto, (max-width: 1200px) 100vw, 1200px\" \/><button\n\t\t\tclass=\"lightbox-trigger\"\n\t\t\ttype=\"button\"\n\t\t\taria-haspopup=\"dialog\"\n\t\t\taria-label=\"Nagy\u00edt\u00e1s\"\n\t\t\tdata-wp-init=\"callbacks.initTriggerButton\"\n\t\t\tdata-wp-on--click=\"actions.showLightbox\"\n\t\t\tdata-wp-style--right=\"state.imageButtonRight\"\n\t\t\tdata-wp-style--top=\"state.imageButtonTop\"\n\t\t>\n\t\t\t<svg xmlns=\"http:\/\/www.w3.org\/2000\/svg\" width=\"12\" height=\"12\" fill=\"none\" viewBox=\"0 0 12 12\">\n\t\t\t\t<path fill=\"#fff\" d=\"M2 0a2 2 0 0 0-2 2v2h1.5V2a.5.5 0 0 1 .5-.5h2V0H2Zm2 10.5H2a.5.5 0 0 1-.5-.5V8H0v2a2 2 0 0 0 2 2h2v-1.5ZM8 12v-1.5h2a.5.5 0 0 0 .5-.5V8H12v2a2 2 0 0 1-2 2H8Zm2-12a2 2 0 0 1 2 2v2h-1.5V2a.5.5 0 0 0-.5-.5H8V0h2Z\" \/>\n\t\t\t<\/svg>\n\t\t<\/button><figcaption class=\"wp-element-caption\">Esk\u00fcv\u0151 Szabadk\u00edgy\u00f3son, a Wenckheim-kast\u00e9lyn\u00e1l<\/figcaption><\/figure>\n\n\n\n<div style=\"height:32px\" aria-hidden=\"true\" class=\"wp-block-spacer\"><\/div>\n","protected":false},"excerpt":{"rendered":"<p>Rendszeresen fot\u00f3zok esk\u00fcv\u0151ket B\u00e9k\u00e9s megye eg\u00e9sz ter\u00fclet\u00e9n, ill. B\u00e9k\u00e9scsab\u00e1n is. N\u00e9h\u00e1ny helysz\u00ednt eml\u00edten\u00e9k, ahol m\u00e1r dolgoztam: B\u00e9k\u00e9s megyei, ill. b\u00e9k\u00e9scsabai esk\u00fcv\u0151i fot\u00f3imat (is) a nagy esk\u00fcv\u0151i k\u00e9pgal\u00e9ri\u00e1ban tudod megtekinteni.<\/p>\n","protected":false},"author":1,"featured_media":0,"parent":3924,"menu_order":0,"comment_status":"closed","ping_status":"closed","template":"","meta":{"_seopress_robots_primary_cat":"","_seopress_titles_title":"Esk\u00fcv\u0151i Fot\u00f3s B\u00e9k\u00e9scsaba - Weigert Images","_seopress_titles_desc":"A Weigert Images v\u00e1llalja esk\u00fcv\u0151t\u00f6k fot\u00f3z\u00e1s\u00e1t B\u00e9k\u00e9scsab\u00e1n, ill. B\u00e9k\u00e9s megye teljes ter\u00fclet\u00e9n, valamint orsz\u00e1gosan is. ","_seopress_robots_index":"","ngg_post_thumbnail":0,"footnotes":""},"class_list":["post-6515","page","type-page","status-publish","hentry"],"_links":{"self":[{"href":"https:\/\/www.weigertimages.com\/hu\/wp-json\/wp\/v2\/pages\/6515","targetHints":{"allow":["GET"]}}],"collection":[{"href":"https:\/\/www.weigertimages.com\/hu\/wp-json\/wp\/v2\/pages"}],"about":[{"href":"https:\/\/www.weigertimages.com\/hu\/wp-json\/wp\/v2\/types\/page"}],"author":[{"embeddable":true,"href":"https:\/\/www.weigertimages.com\/hu\/wp-json\/wp\/v2\/users\/1"}],"replies":[{"embeddable":true,"href":"https:\/\/www.weigertimages.com\/hu\/wp-json\/wp\/v2\/comments?post=6515"}],"version-history":[{"count":0,"href":"https:\/\/www.weigertimages.com\/hu\/wp-json\/wp\/v2\/pages\/6515\/revisions"}],"up":[{"embeddable":true,"href":"https:\/\/www.weigertimages.com\/hu\/wp-json\/wp\/v2\/pages\/3924"}],"wp:attachment":[{"href":"https:\/\/www.weigertimages.com\/hu\/wp-json\/wp\/v2\/media?parent=6515"}],"curies":[{"name":"wp","href":"https:\/\/api.w.org\/{rel}","templated":true}]}}