{"id":6531,"date":"2023-09-26T17:29:53","date_gmt":"2023-09-26T15:29:53","guid":{"rendered":"https:\/\/www.weigertimages.com\/?page_id=6531"},"modified":"2023-11-07T23:43:49","modified_gmt":"2023-11-07T22:43:49","slug":"eskuvoi-fotos-szarvas","status":"publish","type":"page","link":"https:\/\/www.weigertimages.com\/hu\/foto\/eskuvoi-fotos-szarvas\/","title":{"rendered":"Esk\u00fcv\u0151i Fot\u00f3z\u00e1s Szarvas"},"content":{"rendered":"\n<p>A szomsz\u00e9dos gyomaendr\u0151di lakhelyemnek k\u00f6sz\u00f6nhet\u0151en sz\u00e1mos alkalommal fot\u00f3ztam m\u00e1r esk\u00fcv\u0151t Szarvason. <\/p>\n\n\n\n<div style=\"height:16px\" aria-hidden=\"true\" class=\"wp-block-spacer\"><\/div>\n\n\n\n<figure data-wp-context=\"{&quot;imageId&quot;:&quot;69fafe65516d0&quot;}\" data-wp-interactive=\"core\/image\" data-wp-key=\"69fafe65516d0\" class=\"wp-block-image size-full wp-lightbox-container\"><img loading=\"lazy\" decoding=\"async\" width=\"1200\" height=\"800\" data-wp-class--hide=\"state.isContentHidden\" data-wp-class--show=\"state.isContentVisible\" data-wp-init=\"callbacks.setButtonStyles\" data-wp-on--click=\"actions.showLightbox\" data-wp-on--load=\"callbacks.setButtonStyles\" data-wp-on-window--resize=\"callbacks.setButtonStyles\" src=\"https:\/\/www.weigertimages.com\/wp-content\/uploads\/2023\/09\/eskuvoi-fotozas-szarvas-01.jpg\" alt=\"Esk\u00fcv\u0151i fot\u00f3z\u00e1s Szarvas, Arbor\u00e9tum\" class=\"wp-image-6645\" srcset=\"https:\/\/www.weigertimages.com\/wp-content\/uploads\/2023\/09\/eskuvoi-fotozas-szarvas-01.jpg 1200w, https:\/\/www.weigertimages.com\/wp-content\/uploads\/2023\/09\/eskuvoi-fotozas-szarvas-01-300x200.jpg 300w, https:\/\/www.weigertimages.com\/wp-content\/uploads\/2023\/09\/eskuvoi-fotozas-szarvas-01-1024x683.jpg 1024w, https:\/\/www.weigertimages.com\/wp-content\/uploads\/2023\/09\/eskuvoi-fotozas-szarvas-01-768x512.jpg 768w, https:\/\/www.weigertimages.com\/wp-content\/uploads\/2023\/09\/eskuvoi-fotozas-szarvas-01-700x467.jpg 700w\" sizes=\"auto, (max-width: 1200px) 100vw, 1200px\" \/><button\n\t\t\tclass=\"lightbox-trigger\"\n\t\t\ttype=\"button\"\n\t\t\taria-haspopup=\"dialog\"\n\t\t\taria-label=\"Nagy\u00edt\u00e1s\"\n\t\t\tdata-wp-init=\"callbacks.initTriggerButton\"\n\t\t\tdata-wp-on--click=\"actions.showLightbox\"\n\t\t\tdata-wp-style--right=\"state.imageButtonRight\"\n\t\t\tdata-wp-style--top=\"state.imageButtonTop\"\n\t\t>\n\t\t\t<svg xmlns=\"http:\/\/www.w3.org\/2000\/svg\" width=\"12\" height=\"12\" fill=\"none\" viewBox=\"0 0 12 12\">\n\t\t\t\t<path fill=\"#fff\" d=\"M2 0a2 2 0 0 0-2 2v2h1.5V2a.5.5 0 0 1 .5-.5h2V0H2Zm2 10.5H2a.5.5 0 0 1-.5-.5V8H0v2a2 2 0 0 0 2 2h2v-1.5ZM8 12v-1.5h2a.5.5 0 0 0 .5-.5V8H12v2a2 2 0 0 1-2 2H8Zm2-12a2 2 0 0 1 2 2v2h-1.5V2a.5.5 0 0 0-.5-.5H8V0h2Z\" \/>\n\t\t\t<\/svg>\n\t\t<\/button><figcaption class=\"wp-element-caption\">Amerikai esk\u00fcv\u0151 Szarvason, az Arbor\u00e9tumban<\/figcaption><\/figure>\n\n\n\n<div style=\"height:16px\" aria-hidden=\"true\" class=\"wp-block-spacer\"><\/div>\n\n\n\n<p>Az al\u00e1bbiakban azon esk\u00fcv\u0151i helysz\u00edneket sorolom fel, ahol m\u00e1r megfordultam: <\/p>\n\n\n\n<div style=\"height:16px\" aria-hidden=\"true\" class=\"wp-block-spacer\"><\/div>\n\n\n\n<ul class=\"wp-block-list\">\n<li>Mokka \u00c9tterem \u00e9s Panzi\u00f3: belv\u00e1rosi, rendk\u00edv\u00fcl k\u00f6zkedvelt s\u00e1tras rendezv\u00e9nyhelysz\u00edn.<\/li>\n\n\n\n<li>\u00c1rp\u00e1d Sz\u00e1ll\u00f3: patin\u00e1s \u00e9p\u00fclet, esk\u00fcv\u0151k \u00e9s rendezv\u00e9nyek n\u00e9pszer\u0171 helysz\u00edne.<\/li>\n\n\n\n<li>Aranyszarvas Panzi\u00f3: a Holt-K\u00f6r\u00f6s partj\u00e1n tal\u00e1lhat\u00f3 esk\u00fcv\u0151i helysz\u00edn.<\/li>\n\n\n\n<li>Liget Wellness \u00e9s Konferencia Hotel: fest\u0151i k\u00f6rnyezetben tal\u00e1lhat\u00f3 \u00e9p\u00fcletegy\u00fcttes. <\/li>\n\n\n\n<li>Vad\u00e1szk\u00fcrt Vend\u00e9gl\u0151 \u00e9s Panzi\u00f3: kisebb rendezv\u00e9nyekhez alkalmas f\u00e9lig nyitott k\u00fclt\u00e9ri helysz\u00edn.<\/li>\n\n\n\n<li>Szarvasi Arbor\u00e9tum (Pepi-kert): szabadt\u00e9ri szertart\u00e1sokra ide\u00e1lis, kisebb esk\u00fcv\u0151i bulik fogad\u00e1s\u00e1ra alkalmas rendezv\u00e9nytermekkel rendelkezik .<\/li>\n\n\n\n<li>Kreat\u00edv fot\u00f3z\u00e1sokhoz ide\u00e1lis helysz\u00ednek Szarvason: Bolza-kast\u00e9ly, Szarvasi V\u00edzi Sz\u00ednh\u00e1z, Erzs\u00e9bet h\u00edd, Erzs\u00e9bet Liget \u00e9s Arbor\u00e9tum.<\/li>\n<\/ul>\n\n\n\n<div style=\"height:16px\" aria-hidden=\"true\" class=\"wp-block-spacer\"><\/div>\n\n\n\n<p>B\u00e9k\u00e9s megyei \u00e9s szarvasi esk\u00fcv\u0151i fot\u00f3imat (is) az esk\u00fcv\u0151i <a href=\"https:\/\/www.weigertimages.com\/hu\/foto\/eskuvoi-fotozas\/\" data-type=\"link\" data-id=\"https:\/\/www.weigertimages.com\/hu\/foto\/eskuvoi-fotozas\/\">k\u00e9pgal\u00e9ri\u00e1ban <\/a>tekintheted meg.<\/p>\n\n\n\n<div style=\"height:16px\" aria-hidden=\"true\" class=\"wp-block-spacer\"><\/div>\n\n\n\n<figure data-wp-context=\"{&quot;imageId&quot;:&quot;69fafe6553a0e&quot;}\" data-wp-interactive=\"core\/image\" data-wp-key=\"69fafe6553a0e\" class=\"wp-block-image size-full wp-lightbox-container\"><img loading=\"lazy\" decoding=\"async\" width=\"1200\" height=\"800\" data-wp-class--hide=\"state.isContentHidden\" data-wp-class--show=\"state.isContentVisible\" data-wp-init=\"callbacks.setButtonStyles\" data-wp-on--click=\"actions.showLightbox\" data-wp-on--load=\"callbacks.setButtonStyles\" data-wp-on-window--resize=\"callbacks.setButtonStyles\" src=\"https:\/\/www.weigertimages.com\/wp-content\/uploads\/2023\/09\/eskuvoi-fotozas-szarvas-02.jpg\" alt=\"Esk\u00fcv\u0151i fot\u00f3z\u00e1s Szarvas, Bolza-kast\u00e9ly\" class=\"wp-image-6642\" srcset=\"https:\/\/www.weigertimages.com\/wp-content\/uploads\/2023\/09\/eskuvoi-fotozas-szarvas-02.jpg 1200w, https:\/\/www.weigertimages.com\/wp-content\/uploads\/2023\/09\/eskuvoi-fotozas-szarvas-02-300x200.jpg 300w, https:\/\/www.weigertimages.com\/wp-content\/uploads\/2023\/09\/eskuvoi-fotozas-szarvas-02-1024x683.jpg 1024w, https:\/\/www.weigertimages.com\/wp-content\/uploads\/2023\/09\/eskuvoi-fotozas-szarvas-02-768x512.jpg 768w, https:\/\/www.weigertimages.com\/wp-content\/uploads\/2023\/09\/eskuvoi-fotozas-szarvas-02-700x467.jpg 700w\" sizes=\"auto, (max-width: 1200px) 100vw, 1200px\" \/><button\n\t\t\tclass=\"lightbox-trigger\"\n\t\t\ttype=\"button\"\n\t\t\taria-haspopup=\"dialog\"\n\t\t\taria-label=\"Nagy\u00edt\u00e1s\"\n\t\t\tdata-wp-init=\"callbacks.initTriggerButton\"\n\t\t\tdata-wp-on--click=\"actions.showLightbox\"\n\t\t\tdata-wp-style--right=\"state.imageButtonRight\"\n\t\t\tdata-wp-style--top=\"state.imageButtonTop\"\n\t\t>\n\t\t\t<svg xmlns=\"http:\/\/www.w3.org\/2000\/svg\" width=\"12\" height=\"12\" fill=\"none\" viewBox=\"0 0 12 12\">\n\t\t\t\t<path fill=\"#fff\" d=\"M2 0a2 2 0 0 0-2 2v2h1.5V2a.5.5 0 0 1 .5-.5h2V0H2Zm2 10.5H2a.5.5 0 0 1-.5-.5V8H0v2a2 2 0 0 0 2 2h2v-1.5ZM8 12v-1.5h2a.5.5 0 0 0 .5-.5V8H12v2a2 2 0 0 1-2 2H8Zm2-12a2 2 0 0 1 2 2v2h-1.5V2a.5.5 0 0 0-.5-.5H8V0h2Z\" \/>\n\t\t\t<\/svg>\n\t\t<\/button><figcaption class=\"wp-element-caption\">Esk\u00fcv\u0151 Szarvason, a Bolza-kast\u00e9lyn\u00e1l<\/figcaption><\/figure>\n\n\n\n<div style=\"height:32px\" aria-hidden=\"true\" class=\"wp-block-spacer\"><\/div>\n","protected":false},"excerpt":{"rendered":"<p>A szomsz\u00e9dos gyomaendr\u0151di lakhelyemnek k\u00f6sz\u00f6nhet\u0151en sz\u00e1mos alkalommal fot\u00f3ztam m\u00e1r esk\u00fcv\u0151t Szarvason. Az al\u00e1bbiakban azon esk\u00fcv\u0151i helysz\u00edneket sorolom fel, ahol m\u00e1r megfordultam: B\u00e9k\u00e9s megyei \u00e9s szarvasi esk\u00fcv\u0151i fot\u00f3imat (is) az esk\u00fcv\u0151i k\u00e9pgal\u00e9ri\u00e1ban tekintheted meg.<\/p>\n","protected":false},"author":1,"featured_media":0,"parent":3924,"menu_order":0,"comment_status":"closed","ping_status":"closed","template":"","meta":{"_seopress_robots_primary_cat":"","_seopress_titles_title":"Esk\u00fcv\u0151i Fot\u00f3s Szarvas - Weigert Images","_seopress_titles_desc":"Esk\u00fcv\u0151i fot\u00f3z\u00e1s Szarvason, B\u00e9k\u00e9s megye teljes ter\u00fclet\u00e9n \u00e9s orsz\u00e1gosan, a Weigert Images k\u00edn\u00e1lat\u00e1ban.","_seopress_robots_index":"","ngg_post_thumbnail":0,"footnotes":""},"class_list":["post-6531","page","type-page","status-publish","hentry"],"_links":{"self":[{"href":"https:\/\/www.weigertimages.com\/hu\/wp-json\/wp\/v2\/pages\/6531","targetHints":{"allow":["GET"]}}],"collection":[{"href":"https:\/\/www.weigertimages.com\/hu\/wp-json\/wp\/v2\/pages"}],"about":[{"href":"https:\/\/www.weigertimages.com\/hu\/wp-json\/wp\/v2\/types\/page"}],"author":[{"embeddable":true,"href":"https:\/\/www.weigertimages.com\/hu\/wp-json\/wp\/v2\/users\/1"}],"replies":[{"embeddable":true,"href":"https:\/\/www.weigertimages.com\/hu\/wp-json\/wp\/v2\/comments?post=6531"}],"version-history":[{"count":0,"href":"https:\/\/www.weigertimages.com\/hu\/wp-json\/wp\/v2\/pages\/6531\/revisions"}],"up":[{"embeddable":true,"href":"https:\/\/www.weigertimages.com\/hu\/wp-json\/wp\/v2\/pages\/3924"}],"wp:attachment":[{"href":"https:\/\/www.weigertimages.com\/hu\/wp-json\/wp\/v2\/media?parent=6531"}],"curies":[{"name":"wp","href":"https:\/\/api.w.org\/{rel}","templated":true}]}}